{"id":879,"date":"2022-12-31T15:59:36","date_gmt":"2022-12-31T15:59:36","guid":{"rendered":"https:\/\/ikhaya-lobuntu.de\/?page_id=879"},"modified":"2023-01-08T12:21:02","modified_gmt":"2023-01-08T12:21:02","slug":"zelt","status":"publish","type":"page","link":"https:\/\/ikhaya-lobuntu.de\/?page_id=879","title":{"rendered":"Rainbow Kohte"},"content":{"rendered":"<div id=\"pl-879\"  class=\"panel-layout\" ><div id=\"pg-879-0\"  class=\"panel-grid panel-no-style\" ><div id=\"pgc-879-0-0\"  class=\"panel-grid-cell\" ><div id=\"panel-879-0-0-0\" class=\"so-panel widget widget_text panel-first-child\" data-index=\"0\" ><h3 class=\"widget-title\">Rainbow Kohte<\/h3>\t\t\t<div class=\"textwidget\"><p>Mit ihren sechseckingen Grundform und 3m H\u00f6he bietet die Rainbow Kohte viel Platz um bequem und komfortabel zu \u00fcbernachten. Aufgestellt wird unsere Kohte bei Bedarf in unserem eingez\u00e4unten Obstgarten und bietet damit die M\u00f6glichkeit im gesch\u00fctzten Rahmen in freier Natur zu \u00fcbernachten. Besonders f\u00fcr Familien kann es ganz entspannt sein wenn die Kinder und Jugendlichen draussen ihren eigenen Bereich haben.<\/p>\n<p>Die Kohte kann bei Bedarf zus\u00e4tzlich gebucht werden (sofern verf\u00fcgbar).<\/p>\n<\/div>\n\t\t<\/div><\/div><\/div><\/div>","protected":false},"excerpt":{"rendered":"<p>Mit ihren sechseckingen Grundform und 3m H\u00f6he bietet die Rainbow Kohte viel Platz um bequem und komfortabel zu \u00fcbernachten. Aufgestellt wird unsere Kohte bei Bedarf in unserem eingez\u00e4unten Obstgarten und bietet damit die M\u00f6glichkeit im gesch\u00fctzten Rahmen in freier Natur zu \u00fcbernachten. Besonders f\u00fcr Familien kann es ganz entspannt sein wenn die Kinder und Jugendlichen [&hellip;]<\/p>\n","protected":false},"author":1,"featured_media":0,"parent":0,"menu_order":0,"comment_status":"closed","ping_status":"closed","template":"home-panels.php","meta":{"footnotes":""},"class_list":["post-879","page","type-page","status-publish","hentry","post"],"_links":{"self":[{"href":"https:\/\/ikhaya-lobuntu.de\/index.php?rest_route=\/wp\/v2\/pages\/879","targetHints":{"allow":["GET"]}}],"collection":[{"href":"https:\/\/ikhaya-lobuntu.de\/index.php?rest_route=\/wp\/v2\/pages"}],"about":[{"href":"https:\/\/ikhaya-lobuntu.de\/index.php?rest_route=\/wp\/v2\/types\/page"}],"author":[{"embeddable":true,"href":"https:\/\/ikhaya-lobuntu.de\/index.php?rest_route=\/wp\/v2\/users\/1"}],"replies":[{"embeddable":true,"href":"https:\/\/ikhaya-lobuntu.de\/index.php?rest_route=%2Fwp%2Fv2%2Fcomments&post=879"}],"version-history":[{"count":9,"href":"https:\/\/ikhaya-lobuntu.de\/index.php?rest_route=\/wp\/v2\/pages\/879\/revisions"}],"predecessor-version":[{"id":1181,"href":"https:\/\/ikhaya-lobuntu.de\/index.php?rest_route=\/wp\/v2\/pages\/879\/revisions\/1181"}],"wp:attachment":[{"href":"https:\/\/ikhaya-lobuntu.de\/index.php?rest_route=%2Fwp%2Fv2%2Fmedia&parent=879"}],"curies":[{"name":"wp","href":"https:\/\/api.w.org\/{rel}","templated":true}]}}