{"id":817,"date":"2022-12-31T14:54:40","date_gmt":"2022-12-31T14:54:40","guid":{"rendered":"https:\/\/ikhaya-lobuntu.de\/?page_id=817"},"modified":"2025-05-31T14:44:00","modified_gmt":"2025-05-31T14:44:00","slug":"atelierwohnung-2","status":"publish","type":"page","link":"https:\/\/ikhaya-lobuntu.de\/?page_id=817","title":{"rendered":"Atelierwohnung"},"content":{"rendered":"<div id=\"pl-817\"  class=\"panel-layout\" ><div id=\"pg-817-0\"  class=\"panel-grid panel-no-style\" ><div id=\"pgc-817-0-0\"  class=\"panel-grid-cell\" ><div id=\"panel-817-0-0-0\" class=\"so-panel widget widget_text panel-first-child\" data-index=\"0\" ><h3 class=\"widget-title\">Atelierwohnung<\/h3>\t\t\t<div class=\"textwidget\"><p>Obstb\u00e4ume, gr\u00fcne Wiesen und \u00fcppige Felder \u2013 das ist der Blick aus dem Schlafzimmerfenster der Atelierwohnung. Ausgestattet ist das Zimmer mit einem Doppelbett, einem ger\u00e4umigen Kleiderschrank sowie einem Babybett. Neben dem Schlafzimmer befindet sich der offene, lichtdurchflutete Wohn-Essbereich mit K\u00fcche. Das gro\u00dfe Schlafsofa im Wohnzimmer l\u00e4sst sich mit wenigen Handgriffen in ein vollwertiges Doppelbett mit richtiger Matratze verwandeln. Die K\u00fcche ist voll ausgestattet mit Herd, Backofen, K\u00fchlschrank, Sp\u00fclmaschine, Wasserkocher und Kaffemaschine und bietet alles, was man zum Kochen braucht.<\/p>\n<p>Ein kleines extra Zimmer mit Etagenbett f\u00fcr zwei Personen vervollst\u00e4ndigt das kleine Paradies f\u00fcr Familien.<\/p>\n<p>Auch vom Bad aus hat man Ausblick in den Obstgarten. Es verf\u00fcgt \u00fcber Dusche und WC und ist dar\u00fcber hinaus mit Waschmaschine und Trockner ausgestattet<\/p>\n<p>Ein kleiner Pfad f\u00fchrt zur G\u00e4steterasse, welche malerisch engebettet zwischen der alten Feldsteinmauer der Atelierwohnung und B\u00e4umen und Str\u00e4uchern liegt. An sonnigen Tagen l\u00e4dt sie zum Verweilen ein und abends bietet sie einen idealen Platz f\u00fcr gem\u00fctliche Grillabende.<\/p>\n<\/div>\n\t\t<\/div><div id=\"panel-817-0-0-2\" class=\"so-panel widget widget_text\" data-index=\"2\" ><h3 class=\"widget-title\">Ausstattung<\/h3>\t\t\t<div class=\"textwidget\"><ul>\n<li>Platz f\u00fcr bis zu 6 Personen<\/li>\n<li>K\u00fcche mit Ceran Kochfeld, Herd, Mikrowelle, K\u00fchlschrank, Wasserkocher, Kaffeemaschine, Toaster<\/li>\n<li>Bad mit WC, Dusche, Waschmaschine, Trockner, F\u00f6hn<\/li>\n<li>Wohnzimmer mit grossem Esstisch, Fernseher, Schlafsofa f\u00fcr 2 Personen<\/li>\n<li>Schlafzimmer mit Doppelbett, Kinderbett auf Wunsch m\u00f6glich<\/li>\n<li>WLAN<\/li>\n<li>Terrasse<\/li>\n<li>Grill<\/li>\n<li>2 Sonnenliegen<\/li>\n<\/ul>\n<p>&nbsp;<\/p>\n<\/div>\n\t\t<\/div><div id=\"panel-817-0-0-3\" class=\"so-panel widget widget_text panel-last-child\" data-index=\"3\" >\t\t\t<div class=\"textwidget\"><p>Interessiert? <a href=\"https:\/\/ikhaya-lobuntu.de\/?page_id=1336\">Hier geht&#8217;s zur Buchungsanfrage&#8230;<\/a><\/p>\n<\/div>\n\t\t<\/div><\/div><\/div><\/div>","protected":false},"excerpt":{"rendered":"<p>Obstb\u00e4ume, gr\u00fcne Wiesen und \u00fcppige Felder \u2013 das ist der Blick aus dem Schlafzimmerfenster der Atelierwohnung. Ausgestattet ist das Zimmer mit einem Doppelbett, einem ger\u00e4umigen Kleiderschrank sowie einem Babybett. Neben dem Schlafzimmer befindet sich der offene, lichtdurchflutete Wohn-Essbereich mit K\u00fcche. Das gro\u00dfe Schlafsofa im Wohnzimmer l\u00e4sst sich mit wenigen Handgriffen in ein vollwertiges Doppelbett mit [&hellip;]<\/p>\n","protected":false},"author":1,"featured_media":0,"parent":0,"menu_order":0,"comment_status":"closed","ping_status":"closed","template":"home-panels.php","meta":{"footnotes":""},"class_list":["post-817","page","type-page","status-publish","hentry","post"],"_links":{"self":[{"href":"https:\/\/ikhaya-lobuntu.de\/index.php?rest_route=\/wp\/v2\/pages\/817","targetHints":{"allow":["GET"]}}],"collection":[{"href":"https:\/\/ikhaya-lobuntu.de\/index.php?rest_route=\/wp\/v2\/pages"}],"about":[{"href":"https:\/\/ikhaya-lobuntu.de\/index.php?rest_route=\/wp\/v2\/types\/page"}],"author":[{"embeddable":true,"href":"https:\/\/ikhaya-lobuntu.de\/index.php?rest_route=\/wp\/v2\/users\/1"}],"replies":[{"embeddable":true,"href":"https:\/\/ikhaya-lobuntu.de\/index.php?rest_route=%2Fwp%2Fv2%2Fcomments&post=817"}],"version-history":[{"count":38,"href":"https:\/\/ikhaya-lobuntu.de\/index.php?rest_route=\/wp\/v2\/pages\/817\/revisions"}],"predecessor-version":[{"id":1349,"href":"https:\/\/ikhaya-lobuntu.de\/index.php?rest_route=\/wp\/v2\/pages\/817\/revisions\/1349"}],"wp:attachment":[{"href":"https:\/\/ikhaya-lobuntu.de\/index.php?rest_route=%2Fwp%2Fv2%2Fmedia&parent=817"}],"curies":[{"name":"wp","href":"https:\/\/api.w.org\/{rel}","templated":true}]}}