{"id":612,"date":"2022-12-28T21:33:03","date_gmt":"2022-12-28T21:33:03","guid":{"rendered":"https:\/\/ikhaya-lobuntu.de\/?page_id=612"},"modified":"2025-05-18T15:45:58","modified_gmt":"2025-05-18T15:45:58","slug":"wir","status":"publish","type":"page","link":"https:\/\/ikhaya-lobuntu.de\/?page_id=612","title":{"rendered":"Das sind wir"},"content":{"rendered":"<div id=\"pl-612\"  class=\"panel-layout\" ><div id=\"pg-612-0\"  class=\"panel-grid panel-no-style\" ><div id=\"pgc-612-0-0\"  class=\"panel-grid-cell\" ><div id=\"panel-612-0-0-0\" class=\"so-panel widget widget_text panel-first-child panel-last-child\" data-index=\"0\" ><h3 class=\"widget-title\">Kathi &#038; Thomas<\/h3>\t\t\t<div class=\"textwidget\"><p>Anfang 2020 haben wir uns unseren lang gehegten Traum erf\u00fcllt und sind aus dem S\u00fcden hierher nach Mewegen gezogen. Land und Leute haben uns schon vor vielen Jahren angezogen. F\u00fcr uns war klar, dass wir, sobald unsere Kinder aus dem Haus sind, unsere Zelte im S\u00fcden Deutschlands abbrechen und in das wundersch\u00f6ne Mecklenburg-Vorpommern ziehen werden. Nach langer Suche haben wir dann diesen genialen Hof hier gefunden.<\/p>\n<p>Wir haben viele Ideen und Projekte, die wir gerne umsetzen wollen. Die Vermietung unserer beiden Ferienwohnungen ist nur eine davon.<\/p>\n<p><img loading=\"lazy\" decoding=\"async\" class=\"alignnone wp-image-308 \" src=\"https:\/\/ikhaya-lobuntu.de\/wp-content\/uploads\/2022\/03\/IMG-20210830-WA0002-1024x576.jpg\" alt=\"\" width=\"857\" height=\"482\" srcset=\"https:\/\/ikhaya-lobuntu.de\/wp-content\/uploads\/2022\/03\/IMG-20210830-WA0002-1024x576.jpg 1024w, https:\/\/ikhaya-lobuntu.de\/wp-content\/uploads\/2022\/03\/IMG-20210830-WA0002-600x338.jpg 600w, https:\/\/ikhaya-lobuntu.de\/wp-content\/uploads\/2022\/03\/IMG-20210830-WA0002-300x169.jpg 300w, https:\/\/ikhaya-lobuntu.de\/wp-content\/uploads\/2022\/03\/IMG-20210830-WA0002-768x432.jpg 768w, https:\/\/ikhaya-lobuntu.de\/wp-content\/uploads\/2022\/03\/IMG-20210830-WA0002-1536x864.jpg 1536w, https:\/\/ikhaya-lobuntu.de\/wp-content\/uploads\/2022\/03\/IMG-20210830-WA0002.jpg 2048w\" sizes=\"auto, (max-width: 857px) 100vw, 857px\" \/><\/p>\n<\/div>\n\t\t<\/div><\/div><\/div><div id=\"pg-612-1\"  class=\"panel-grid panel-no-style\" ><div id=\"pgc-612-1-0\"  class=\"panel-grid-cell\" ><div id=\"panel-612-1-0-0\" class=\"so-panel widget widget_text panel-first-child panel-last-child\" data-index=\"1\" ><h3 class=\"widget-title\">Ikhaya Lobuntu<\/h3>\t\t\t<div class=\"textwidget\"><p>Du fragst dich vielleicht, was der Name unseres Hofes: \u201eIkhaya Lobuntu\u201c bedeuten soll? Tja, das ist eine l\u00e4ngere Geschichte\u2026 Soviel sei verraten:<\/p>\n<p>Er stammt aus der Sprache der Xhosa (S\u00fcdafrika) und bedeutet so viel wie \u201eHaus des Ubuntu (Gastfreundschaft, Mitgef\u00fchl). Dahinter verbirgt sich aber viel mehr, eine Lebenseinstellung, die Verbundenheit mit den Mitmenschen ausdr\u00fcckt.<\/p>\n<p>Damit ist eigentlich schon alles gesagt. Wir wollen nicht einfach nur eine Unterkunft vermieten sondern wir wollen, dass unsere G\u00e4ste sich wohlf\u00fchlen, als w\u00e4ren sie bei ihren Freunden zu Besuch.<\/p>\n<\/div>\n\t\t<\/div><\/div><\/div><div id=\"pg-612-2\"  class=\"panel-grid panel-no-style\" ><div id=\"pgc-612-2-0\"  class=\"panel-grid-cell panel-grid-cell-empty\" ><\/div><\/div><div id=\"pg-612-3\"  class=\"panel-grid panel-no-style\" ><div id=\"pgc-612-3-0\"  class=\"panel-grid-cell\" ><div id=\"panel-612-3-0-0\" class=\"so-panel widget widget_text panel-first-child panel-last-child\" data-index=\"2\" ><h3 class=\"widget-title\">Simba<\/h3>\t\t\t<div class=\"textwidget\"><p><img loading=\"lazy\" decoding=\"async\" class=\"size-medium wp-image-991 alignleft\" src=\"https:\/\/ikhaya-lobuntu.de\/wp-content\/uploads\/2023\/01\/DSC_8162-scaled-e1672589618399-231x300.jpg\" alt=\"\" width=\"231\" height=\"300\" srcset=\"https:\/\/ikhaya-lobuntu.de\/wp-content\/uploads\/2023\/01\/DSC_8162-scaled-e1672589618399-231x300.jpg 231w, https:\/\/ikhaya-lobuntu.de\/wp-content\/uploads\/2023\/01\/DSC_8162-scaled-e1672589618399-790x1024.jpg 790w, https:\/\/ikhaya-lobuntu.de\/wp-content\/uploads\/2023\/01\/DSC_8162-scaled-e1672589618399-768x995.jpg 768w, https:\/\/ikhaya-lobuntu.de\/wp-content\/uploads\/2023\/01\/DSC_8162-scaled-e1672589618399-600x778.jpg 600w, https:\/\/ikhaya-lobuntu.de\/wp-content\/uploads\/2023\/01\/DSC_8162-scaled-e1672589618399.jpg 1017w\" sizes=\"auto, (max-width: 231px) 100vw, 231px\" \/>Hallo, ich bin Simba \u2013 50 kg Begeisterung im K\u00f6rper eines gro\u00dfen Schweizer Sennenhundes, genauer gesagt eines Swissy Dogs. Meine Hundetrainerin Steffi sagt, ich bin der fr\u00f6hlichste Hund, den sie kennt.<\/p>\n<p>Eigentlich bin ich ja der Chef auf diesem Hof, meine Herrchen sehen das aber irgendwie anders. Meine Aufgabe ist es, auf dem Hof nach dem Rechten zu sehen. Um meinen Pflichten nachkommen zu k\u00f6nnen, habe ich mir selbst das T\u00fcr\u00f6ffnen beigebracht \u2013 \u00e4u\u00dferst praktisch. Wenn ich nicht gerade selbstst\u00e4ndig meine Runden auf dem Hof drehe, h\u00e4nge ich Herrchen oder Frauchen an den Fersen, immer auf der Suche nach Aufmerksamkeit und Streicheleinheiten.<\/p>\n<p><img loading=\"lazy\" decoding=\"async\" class=\" wp-image-982 alignright\" src=\"https:\/\/ikhaya-lobuntu.de\/wp-content\/uploads\/2023\/01\/20220611_084512-169x300.jpg\" alt=\"\" width=\"283\" height=\"502\" srcset=\"https:\/\/ikhaya-lobuntu.de\/wp-content\/uploads\/2023\/01\/20220611_084512-169x300.jpg 169w, https:\/\/ikhaya-lobuntu.de\/wp-content\/uploads\/2023\/01\/20220611_084512-576x1024.jpg 576w, https:\/\/ikhaya-lobuntu.de\/wp-content\/uploads\/2023\/01\/20220611_084512-768x1365.jpg 768w, https:\/\/ikhaya-lobuntu.de\/wp-content\/uploads\/2023\/01\/20220611_084512-864x1536.jpg 864w, https:\/\/ikhaya-lobuntu.de\/wp-content\/uploads\/2023\/01\/20220611_084512-1152x2048.jpg 1152w, https:\/\/ikhaya-lobuntu.de\/wp-content\/uploads\/2023\/01\/20220611_084512-600x1067.jpg 600w, https:\/\/ikhaya-lobuntu.de\/wp-content\/uploads\/2023\/01\/20220611_084512-scaled.jpg 1440w\" sizes=\"auto, (max-width: 283px) 100vw, 283px\" \/>Mein absolutes Highlight ist, wenn uns jemand besuchen kommt \u2013 da freue ich mich jedes Mal wie Bolle. Auf den ersten Blick mag ich vielleicht ein wenig respekteinfl\u00f6\u00dfend wirken, eigentlich bin ich aber ein zu gro\u00df geratener Teddyb\u00e4r\/Scho\u00dfhund, der sich nach Liebe und Aufmerksamkeit sehnt. Ich bin zwar manchmal etwas st\u00fcrmisch und aufdringlich, aber wie sonst sollte ich denn euer Herz erobern und an meine wohlverdienten Kuscheleinheiten kommen?<\/p>\n<\/div>\n\t\t<\/div><\/div><\/div><div id=\"pg-612-4\"  class=\"panel-grid panel-no-style\" ><div id=\"pgc-612-4-0\"  class=\"panel-grid-cell\" ><div id=\"panel-612-4-0-0\" class=\"so-panel widget widget_text panel-first-child panel-last-child\" data-index=\"3\" ><h3 class=\"widget-title\">Katzengl\u00fcck<\/h3>\t\t\t<div class=\"textwidget\"><p>Hallo, wir sind Zira, Kovu und Pumba. Wir genie\u00dfen unser Leben hier auf dem Hof. Wenn wir nicht gerade schlafen sind wir meistens auf M\u00e4usejagd unterwegs. Manchmal spielen oder kuscheln wir auch mit unserem gro\u00dfen Bruder Simba \u2013 mehr oder weniger freiwillig.,<\/p>\n<\/div>\n\t\t<\/div><\/div><div id=\"pgc-612-4-1\"  class=\"panel-grid-cell\" ><div id=\"panel-612-4-1-0\" class=\"so-panel widget widget_sow-image panel-first-child panel-last-child\" data-index=\"4\" ><div\n\t\t\t\n\t\t\tclass=\"so-widget-sow-image so-widget-sow-image-default-8b5b6f678277-612\"\n\t\t\t\n\t\t>\n<div class=\"sow-image-container\">\n\t\t<img \n\tsrc=\"https:\/\/ikhaya-lobuntu.de\/wp-content\/uploads\/2025\/05\/kathen-scaled.jpg\" width=\"2560\" height=\"1440\" srcset=\"https:\/\/ikhaya-lobuntu.de\/wp-content\/uploads\/2025\/05\/kathen-scaled.jpg 2560w, https:\/\/ikhaya-lobuntu.de\/wp-content\/uploads\/2025\/05\/kathen-300x169.jpg 300w, https:\/\/ikhaya-lobuntu.de\/wp-content\/uploads\/2025\/05\/kathen-1024x576.jpg 1024w, https:\/\/ikhaya-lobuntu.de\/wp-content\/uploads\/2025\/05\/kathen-768x432.jpg 768w, https:\/\/ikhaya-lobuntu.de\/wp-content\/uploads\/2025\/05\/kathen-1536x864.jpg 1536w, https:\/\/ikhaya-lobuntu.de\/wp-content\/uploads\/2025\/05\/kathen-2048x1152.jpg 2048w, https:\/\/ikhaya-lobuntu.de\/wp-content\/uploads\/2025\/05\/kathen-600x338.jpg 600w\" sizes=\"(max-width: 2560px) 100vw, 2560px\" title=\"kathen\" alt=\"\" \t\tclass=\"so-widget-image\"\/>\n\t<\/div>\n\n<\/div><\/div><\/div><\/div><div id=\"pg-612-5\"  class=\"panel-grid panel-no-style\" ><div id=\"pgc-612-5-0\"  class=\"panel-grid-cell\" ><div id=\"panel-612-5-0-0\" class=\"so-panel widget widget_text panel-first-child panel-last-child\" data-index=\"5\" ><h3 class=\"widget-title\">Unsere H\u00fchner<\/h3>\t\t\t<div class=\"textwidget\"><p><img loading=\"lazy\" decoding=\"async\" class=\"alignnone size-medium wp-image-1317\" src=\"https:\/\/ikhaya-lobuntu.de\/wp-content\/uploads\/2025\/05\/Huehner2-169x300.jpg\" alt=\"\" width=\"169\" height=\"300\" srcset=\"https:\/\/ikhaya-lobuntu.de\/wp-content\/uploads\/2025\/05\/Huehner2-169x300.jpg 169w, https:\/\/ikhaya-lobuntu.de\/wp-content\/uploads\/2025\/05\/Huehner2-576x1024.jpg 576w, https:\/\/ikhaya-lobuntu.de\/wp-content\/uploads\/2025\/05\/Huehner2-768x1365.jpg 768w, https:\/\/ikhaya-lobuntu.de\/wp-content\/uploads\/2025\/05\/Huehner2-864x1536.jpg 864w, https:\/\/ikhaya-lobuntu.de\/wp-content\/uploads\/2025\/05\/Huehner2-1152x2048.jpg 1152w, https:\/\/ikhaya-lobuntu.de\/wp-content\/uploads\/2025\/05\/Huehner2-600x1067.jpg 600w, https:\/\/ikhaya-lobuntu.de\/wp-content\/uploads\/2025\/05\/Huehner2-scaled.jpg 1440w\" sizes=\"auto, (max-width: 169px) 100vw, 169px\" \/> <img loading=\"lazy\" decoding=\"async\" class=\"alignnone size-medium wp-image-1316\" src=\"https:\/\/ikhaya-lobuntu.de\/wp-content\/uploads\/2025\/05\/Huehner1-300x225.jpg\" alt=\"\" width=\"300\" height=\"225\" srcset=\"https:\/\/ikhaya-lobuntu.de\/wp-content\/uploads\/2025\/05\/Huehner1-300x225.jpg 300w, https:\/\/ikhaya-lobuntu.de\/wp-content\/uploads\/2025\/05\/Huehner1-1024x768.jpg 1024w, https:\/\/ikhaya-lobuntu.de\/wp-content\/uploads\/2025\/05\/Huehner1-768x576.jpg 768w, https:\/\/ikhaya-lobuntu.de\/wp-content\/uploads\/2025\/05\/Huehner1-1536x1152.jpg 1536w, https:\/\/ikhaya-lobuntu.de\/wp-content\/uploads\/2025\/05\/Huehner1-2048x1536.jpg 2048w, https:\/\/ikhaya-lobuntu.de\/wp-content\/uploads\/2025\/05\/Huehner1-600x450.jpg 600w\" sizes=\"auto, (max-width: 300px) 100vw, 300px\" \/><img loading=\"lazy\" decoding=\"async\" class=\"size-medium wp-image-683 alignleft\" src=\"https:\/\/ikhaya-lobuntu.de\/wp-content\/uploads\/2022\/12\/20220317_141748-225x300.jpg\" alt=\"\" width=\"225\" height=\"300\" srcset=\"https:\/\/ikhaya-lobuntu.de\/wp-content\/uploads\/2022\/12\/20220317_141748-225x300.jpg 225w, https:\/\/ikhaya-lobuntu.de\/wp-content\/uploads\/2022\/12\/20220317_141748-768x1024.jpg 768w, https:\/\/ikhaya-lobuntu.de\/wp-content\/uploads\/2022\/12\/20220317_141748-1152x1536.jpg 1152w, https:\/\/ikhaya-lobuntu.de\/wp-content\/uploads\/2022\/12\/20220317_141748-1536x2048.jpg 1536w, https:\/\/ikhaya-lobuntu.de\/wp-content\/uploads\/2022\/12\/20220317_141748-600x800.jpg 600w, https:\/\/ikhaya-lobuntu.de\/wp-content\/uploads\/2022\/12\/20220317_141748-scaled.jpg 1920w\" sizes=\"auto, (max-width: 225px) 100vw, 225px\" \/><\/p>\n<p>Ja, ist ja klar. W\u00e4hrend Simba, Kovu, Pumba und Zira den ganzen Tag rumstreunen, m\u00fcssen wir hier den Hof am Laufen halten. Wir sind 13 Hennen ein Junior Chef und unser Senior Hahn Kr\u00e4hg. Er sagt, wo es lang geht und wann der Tag beginnt. Unsere Aufgabe ist die Versorgung des Hofs mit frischen Eiern \u2013 da sind wir wirklich gut drin.<\/p>\n<\/div>\n\t\t<\/div><\/div><\/div><\/div>","protected":false},"excerpt":{"rendered":"<p>Anfang 2020 haben wir uns unseren lang gehegten Traum erf\u00fcllt und sind aus dem S\u00fcden hierher nach Mewegen gezogen. Land und Leute haben uns schon vor vielen Jahren angezogen. F\u00fcr uns war klar, dass wir, sobald unsere Kinder aus dem Haus sind, unsere Zelte im S\u00fcden Deutschlands abbrechen und in das wundersch\u00f6ne Mecklenburg-Vorpommern ziehen werden. [&hellip;]<\/p>\n","protected":false},"author":1,"featured_media":0,"parent":0,"menu_order":0,"comment_status":"closed","ping_status":"closed","template":"home-panels.php","meta":{"footnotes":""},"class_list":["post-612","page","type-page","status-publish","hentry","post"],"_links":{"self":[{"href":"https:\/\/ikhaya-lobuntu.de\/index.php?rest_route=\/wp\/v2\/pages\/612","targetHints":{"allow":["GET"]}}],"collection":[{"href":"https:\/\/ikhaya-lobuntu.de\/index.php?rest_route=\/wp\/v2\/pages"}],"about":[{"href":"https:\/\/ikhaya-lobuntu.de\/index.php?rest_route=\/wp\/v2\/types\/page"}],"author":[{"embeddable":true,"href":"https:\/\/ikhaya-lobuntu.de\/index.php?rest_route=\/wp\/v2\/users\/1"}],"replies":[{"embeddable":true,"href":"https:\/\/ikhaya-lobuntu.de\/index.php?rest_route=%2Fwp%2Fv2%2Fcomments&post=612"}],"version-history":[{"count":68,"href":"https:\/\/ikhaya-lobuntu.de\/index.php?rest_route=\/wp\/v2\/pages\/612\/revisions"}],"predecessor-version":[{"id":1323,"href":"https:\/\/ikhaya-lobuntu.de\/index.php?rest_route=\/wp\/v2\/pages\/612\/revisions\/1323"}],"wp:attachment":[{"href":"https:\/\/ikhaya-lobuntu.de\/index.php?rest_route=%2Fwp%2Fv2%2Fmedia&parent=612"}],"curies":[{"name":"wp","href":"https:\/\/api.w.org\/{rel}","templated":true}]}}