{"id":578,"date":"2022-12-28T21:58:30","date_gmt":"2022-12-28T21:58:30","guid":{"rendered":"https:\/\/ikhaya-lobuntu.de\/?page_id=578"},"modified":"2023-01-15T15:06:18","modified_gmt":"2023-01-15T15:06:18","slug":"willkommen","status":"publish","type":"page","link":"https:\/\/ikhaya-lobuntu.de\/","title":{"rendered":"Willkommen"},"content":{"rendered":"<div id=\"pl-578\"  class=\"panel-layout\" ><div id=\"pg-578-0\"  class=\"panel-grid panel-no-style\" ><div id=\"pgc-578-0-0\"  class=\"panel-grid-cell\" ><div id=\"panel-578-0-0-0\" class=\"so-panel widget widget_text panel-first-child\" data-index=\"0\" >\t\t\t<div class=\"textwidget\"><p>Mitten im Naturpark Stettiner Haff, nur 10 Kilometer von der polnischen Grenze entfernt, liegt unser kleines Anwesen \u201eIkhaya Lobuntu\u201c mit zwei Ferienwohnungen.<\/p>\n<p>Au\u00dferhalb der Ortschaft, einsam gelegen, umringt von Feldern und W\u00e4ldern, l\u00e4dt es ein, einfach mal abzuschalten und die Seele baumeln zu lassen. Beim Wandern, Radfahren oder Schwimmen die Natur genie\u00dfen und den Stress und Alltag hinter sich zu lassen.<\/p>\n<\/div>\n\t\t<\/div><div id=\"panel-578-0-0-1\" class=\"so-panel widget widget_sow-features panel-last-child\" data-index=\"1\" ><div\n\t\t\t\n\t\t\tclass=\"so-widget-sow-features so-widget-sow-features-default-830e9ee3ae26-578\"\n\t\t\t\n\t\t><ul\n\tclass=\"sow-features-list\n\tsow-features-responsive\">\n\n\t\t\t<li\n\t\t\tclass=\"sow-features-feature sow-icon-container-position-top\"\n\t\t\tstyle=\"display: flex; flex-direction: column; width: calc(25% - 25px);\"\n\t\t>\n\t\t\t\t\t\t\t<a\n\t\t\t\t\thref=\"https:\/\/ikhaya-lobuntu.de\/?page_id=612\"\n\t\t\t\t\t\t\t\t\t\tclass=\"sow-features-feature-linked-column\"\n\t\t\t\t>\n\t\t\t\t\t<span class=\"so-sr-only\">\n\t\t\t\t\t\tWenn du mehr \u00fcber uns erfahren willst\t\t\t\t\t<\/span>\n\t\t\t\t<\/a>\n\t\t\t\n\t\t\t\t\t\t\t<div class=\"sow-features-feature-right-left-container\" style=\"display: flex; flex-direction: inherit;\">\n\t\t\t\t\t\t\t<a\t\t\t\tclass=\"sow-icon-container sow-container-none\"\n\t\t\t\tstyle=\"color: #404040; \"\n\t\t\t\t\n\t\t\t\t\t\t\t\t\thref=\"https:\/\/ikhaya-lobuntu.de\/?page_id=612\"\n\t\t\t\t\t\t\t\t>\n\t\t\t\t<span class=\"sow-icon-ionicons\" data-sow-icon=\"&#xf479;\"\n\t\tstyle=\"font-size: 24px; color: #878787\" \n\t\taria-hidden=\"true\"><\/span>\t\t\t<\/a>\n\n\t\t\t<div class=\"textwidget\">\n\t\t\t\t\t\t\t\t\t<div class=\"sow-features-feature-content\">\n\t\t\t\t\n\t\t\t\t\t\t\t\t\t<h5 class=\"sow-features-feature-title\">\n\t\t\t\t\t\t\t\t\t\t\t\t\t<a\n\t\t\t\t\t\t\t\thref=\"https:\/\/ikhaya-lobuntu.de\/?page_id=612\"\n\t\t\t\t\t\t\t\t\t\t\t\t\t\t\t>\n\t\t\t\t\t\t\t\u00dcber uns...\t\t\t\t\t\t\t<\/a>\n\t\t\t\t\t\t\t\t\t\t\t\t<\/h5>\n\t\t\t\t\n\t\t\t\t\t\t\t\t\t<\/div>\n\t\t\t\t\t<p class=\"sow-more-text\">\n\t\t\t\t\t\t\t\t\t\t\t\tWenn du mehr \u00fcber uns erfahren willst\t\t\t\t\t\t\t\t\t\t\t<\/p>\n\t\t\t\t\t\t\t<\/div>\n\t\t\t\t\t\t\t<\/div>\n\t\t\t\t\t\t\t\t<\/li>\n\n\t\t\t<li\n\t\t\tclass=\"sow-features-feature sow-icon-container-position-top\"\n\t\t\tstyle=\"display: flex; flex-direction: column; width: calc(25% - 25px);\"\n\t\t>\n\t\t\t\t\t\t\t<a\n\t\t\t\t\thref=\"https:\/\/ikhaya-lobuntu.de\/?page_id=1003\"\n\t\t\t\t\t\t\t\t\t\tclass=\"sow-features-feature-linked-column\"\n\t\t\t\t>\n\t\t\t\t\t<span class=\"so-sr-only\">\n\t\t\t\t\t\tEinfach entdecken...\t\t\t\t\t<\/span>\n\t\t\t\t<\/a>\n\t\t\t\n\t\t\t\t\t\t\t<div class=\"sow-features-feature-right-left-container\" style=\"display: flex; flex-direction: inherit;\">\n\t\t\t\t\t\t\t<a\t\t\t\tclass=\"sow-icon-container sow-container-none\"\n\t\t\t\tstyle=\"color: #404040; \"\n\t\t\t\t\n\t\t\t\t\t\t\t\t\thref=\"https:\/\/ikhaya-lobuntu.de\/?page_id=1003\"\n\t\t\t\t\t\t\t\t>\n\t\t\t\t<span class=\"sow-icon-ionicons\" data-sow-icon=\"&#xf38f;\"\n\t\tstyle=\"font-size: 24px; color: #878787\" \n\t\taria-hidden=\"true\"><\/span>\t\t\t<\/a>\n\n\t\t\t<div class=\"textwidget\">\n\t\t\t\t\t\t\t\t\t<div class=\"sow-features-feature-content\">\n\t\t\t\t\n\t\t\t\t\t\t\t\t\t<h5 class=\"sow-features-feature-title\">\n\t\t\t\t\t\t\t\t\t\t\t\t\t<a\n\t\t\t\t\t\t\t\thref=\"https:\/\/ikhaya-lobuntu.de\/?page_id=1003\"\n\t\t\t\t\t\t\t\t\t\t\t\t\t\t\t>\n\t\t\t\t\t\t\tUnser Hof\t\t\t\t\t\t\t<\/a>\n\t\t\t\t\t\t\t\t\t\t\t\t<\/h5>\n\t\t\t\t\n\t\t\t\t\t\t\t\t\t<\/div>\n\t\t\t\t\t<p class=\"sow-more-text\">\n\t\t\t\t\t\t\t\t\t\t\t\tEinfach entdecken...\t\t\t\t\t\t\t\t\t\t\t<\/p>\n\t\t\t\t\t\t\t<\/div>\n\t\t\t\t\t\t\t<\/div>\n\t\t\t\t\t\t\t\t<\/li>\n\n\t\t\t<li\n\t\t\tclass=\"sow-features-feature sow-icon-container-position-top\"\n\t\t\tstyle=\"display: flex; flex-direction: column; width: calc(25% - 25px);\"\n\t\t>\n\t\t\t\t\t\t\t<a\n\t\t\t\t\thref=\"https:\/\/ikhaya-lobuntu.de\/?page_id=734\"\n\t\t\t\t\t\t\t\t\t\tclass=\"sow-features-feature-linked-column\"\n\t\t\t\t>\n\t\t\t\t\t<span class=\"so-sr-only\">\n\t\t\t\t\t\tHier geht's zur Beschreibung unserer Ferienwohnungen\t\t\t\t\t<\/span>\n\t\t\t\t<\/a>\n\t\t\t\n\t\t\t\t\t\t\t<div class=\"sow-features-feature-right-left-container\" style=\"display: flex; flex-direction: inherit;\">\n\t\t\t\t\t\t\t<a\t\t\t\tclass=\"sow-icon-container sow-container-none\"\n\t\t\t\tstyle=\"color: #404040; \"\n\t\t\t\t\n\t\t\t\t\t\t\t\t\thref=\"https:\/\/ikhaya-lobuntu.de\/?page_id=734\"\n\t\t\t\t\t\t\t\t>\n\t\t\t\t<span class=\"sow-icon-ionicons\" data-sow-icon=\"&#xf38f;\"\n\t\tstyle=\"font-size: 24px; color: #878787\" \n\t\taria-hidden=\"true\"><\/span>\t\t\t<\/a>\n\n\t\t\t<div class=\"textwidget\">\n\t\t\t\t\t\t\t\t\t<div class=\"sow-features-feature-content\">\n\t\t\t\t\n\t\t\t\t\t\t\t\t\t<h5 class=\"sow-features-feature-title\">\n\t\t\t\t\t\t\t\t\t\t\t\t\t<a\n\t\t\t\t\t\t\t\thref=\"https:\/\/ikhaya-lobuntu.de\/?page_id=734\"\n\t\t\t\t\t\t\t\t\t\t\t\t\t\t\t>\n\t\t\t\t\t\t\tUnsere Ferienwohnungen\t\t\t\t\t\t\t<\/a>\n\t\t\t\t\t\t\t\t\t\t\t\t<\/h5>\n\t\t\t\t\n\t\t\t\t\t\t\t\t\t<\/div>\n\t\t\t\t\t<p class=\"sow-more-text\">\n\t\t\t\t\t\t\t\t\t\t\t\tHier geht's zur Beschreibung unserer Ferienwohnungen\t\t\t\t\t\t\t\t\t\t\t<\/p>\n\t\t\t\t\t\t\t<\/div>\n\t\t\t\t\t\t\t<\/div>\n\t\t\t\t\t\t\t\t<\/li>\n\n\t\t\t<li\n\t\t\tclass=\"sow-features-feature sow-icon-container-position-top\"\n\t\t\tstyle=\"display: flex; flex-direction: column; width: calc(25% - 25px);\"\n\t\t>\n\t\t\t\t\t\t\t<a\n\t\t\t\t\thref=\"https:\/\/ikhaya-lobuntu.de\/?page_id=849\"\n\t\t\t\t\t\t\t\t\t\tclass=\"sow-features-feature-linked-column\"\n\t\t\t\t>\n\t\t\t\t\t<span class=\"so-sr-only\">\n\t\t\t\t\t\tWas ihr so alles unternehmen k\u00f6nnt\t\t\t\t\t<\/span>\n\t\t\t\t<\/a>\n\t\t\t\n\t\t\t\t\t\t\t<div class=\"sow-features-feature-right-left-container\" style=\"display: flex; flex-direction: inherit;\">\n\t\t\t\t\t\t\t<a\t\t\t\tclass=\"sow-icon-container sow-container-none\"\n\t\t\t\tstyle=\"color: #404040; \"\n\t\t\t\t\n\t\t\t\t\t\t\t\t\thref=\"https:\/\/ikhaya-lobuntu.de\/?page_id=849\"\n\t\t\t\t\t\t\t\t>\n\t\t\t\t<span class=\"sow-icon-ionicons\" data-sow-icon=\"&#xf38f;\"\n\t\tstyle=\"font-size: 24px; color: #878787\" \n\t\taria-hidden=\"true\"><\/span>\t\t\t<\/a>\n\n\t\t\t<div class=\"textwidget\">\n\t\t\t\t\t\t\t\t\t<div class=\"sow-features-feature-content\">\n\t\t\t\t\n\t\t\t\t\t\t\t\t\t<h5 class=\"sow-features-feature-title\">\n\t\t\t\t\t\t\t\t\t\t\t\t\t<a\n\t\t\t\t\t\t\t\thref=\"https:\/\/ikhaya-lobuntu.de\/?page_id=849\"\n\t\t\t\t\t\t\t\t\t\t\t\t\t\t\t>\n\t\t\t\t\t\t\tAktivit\u00e4ten\t\t\t\t\t\t\t<\/a>\n\t\t\t\t\t\t\t\t\t\t\t\t<\/h5>\n\t\t\t\t\n\t\t\t\t\t\t\t\t\t<\/div>\n\t\t\t\t\t<p class=\"sow-more-text\">\n\t\t\t\t\t\t\t\t\t\t\t\tWas ihr so alles unternehmen k\u00f6nnt\t\t\t\t\t\t\t\t\t\t\t<\/p>\n\t\t\t\t\t\t\t<\/div>\n\t\t\t\t\t\t\t<\/div>\n\t\t\t\t\t\t\t\t<\/li>\n\n\t<\/ul>\n<\/div><\/div><\/div><\/div><div id=\"pg-578-1\"  class=\"panel-grid panel-no-style\" ><div id=\"pgc-578-1-0\"  class=\"panel-grid-cell\" ><div id=\"panel-578-1-0-0\" class=\"so-panel widget widget_text panel-first-child panel-last-child\" data-index=\"2\" >\t\t\t<div class=\"textwidget\"><p>Schaut euch einfach in Ruhe hier um. Wenn euch unser Angebot zusagt, dann w\u00fcrden wir uns freuen, euch als unsere G\u00e4ste begr\u00fcssen zu d\u00fcrfen. Falls ihr weitere Fragen habt, meldet euch einfach \u00fcber das <a href=\"https:\/\/ikhaya-lobuntu.de\/?page_id=1129\">Kontaktformular<\/a>.<\/p>\n<\/div>\n\t\t<\/div><\/div><\/div><\/div>","protected":false},"excerpt":{"rendered":"<p>Mitten im Naturpark Stettiner Haff, nur 10 Kilometer von der polnischen Grenze entfernt, liegt unser kleines Anwesen \u201eIkhaya Lobuntu\u201c mit zwei Ferienwohnungen. Au\u00dferhalb der Ortschaft, einsam gelegen, umringt von Feldern und W\u00e4ldern, l\u00e4dt es ein, einfach mal abzuschalten und die Seele baumeln zu lassen. Beim Wandern, Radfahren oder Schwimmen die Natur genie\u00dfen und den Stress [&hellip;]<\/p>\n","protected":false},"author":1,"featured_media":0,"parent":0,"menu_order":0,"comment_status":"closed","ping_status":"closed","template":"home-panels.php","meta":{"footnotes":""},"class_list":["post-578","page","type-page","status-publish","hentry","post"],"_links":{"self":[{"href":"https:\/\/ikhaya-lobuntu.de\/index.php?rest_route=\/wp\/v2\/pages\/578","targetHints":{"allow":["GET"]}}],"collection":[{"href":"https:\/\/ikhaya-lobuntu.de\/index.php?rest_route=\/wp\/v2\/pages"}],"about":[{"href":"https:\/\/ikhaya-lobuntu.de\/index.php?rest_route=\/wp\/v2\/types\/page"}],"author":[{"embeddable":true,"href":"https:\/\/ikhaya-lobuntu.de\/index.php?rest_route=\/wp\/v2\/users\/1"}],"replies":[{"embeddable":true,"href":"https:\/\/ikhaya-lobuntu.de\/index.php?rest_route=%2Fwp%2Fv2%2Fcomments&post=578"}],"version-history":[{"count":93,"href":"https:\/\/ikhaya-lobuntu.de\/index.php?rest_route=\/wp\/v2\/pages\/578\/revisions"}],"predecessor-version":[{"id":1265,"href":"https:\/\/ikhaya-lobuntu.de\/index.php?rest_route=\/wp\/v2\/pages\/578\/revisions\/1265"}],"wp:attachment":[{"href":"https:\/\/ikhaya-lobuntu.de\/index.php?rest_route=%2Fwp%2Fv2%2Fmedia&parent=578"}],"curies":[{"name":"wp","href":"https:\/\/api.w.org\/{rel}","templated":true}]}}