{"id":1158,"date":"2023-01-08T10:12:09","date_gmt":"2023-01-08T10:12:09","guid":{"rendered":"https:\/\/ikhaya-lobuntu.de\/?page_id=1158"},"modified":"2023-01-08T10:15:49","modified_gmt":"2023-01-08T10:15:49","slug":"datenschutzerklaerung","status":"publish","type":"page","link":"https:\/\/ikhaya-lobuntu.de\/?page_id=1158","title":{"rendered":"Datenschutzerkl\u00e4rung"},"content":{"rendered":"<div id=\"pl-1158\"  class=\"panel-layout\" ><div id=\"pg-1158-0\"  class=\"panel-grid panel-no-style\" ><div id=\"pgc-1158-0-0\"  class=\"panel-grid-cell\" ><div id=\"panel-1158-0-0-0\" class=\"widget_text so-panel widget widget_custom_html panel-first-child panel-last-child\" data-index=\"0\" ><h3 class=\"widget-title\">Datenschutzerkl\u00e4rung<\/h3><div class=\"textwidget custom-html-widget\"><h1>Datenschutzerkl\u00e4rung<\/h1>\n<p>Verantwortlicher im Sinne der Datenschutzgesetze, insbesondere der EU-Datenschutzgrundverordnung (DSGVO), ist:<\/p>\n<p>Thomas St. Pierre\n<br>Remelkoppel 3\n<br>17321 Rothenklempenow\n<br>\n<br>Telefon: 039744519855\n<br>E-Mail: info@ikhaya-lobuntu.de<\/p>\n<h2>Ihre Betroffenenrechte<\/h2>\n<p>Unter den angegebenen Kontaktdaten unseres Datenschutzbeauftragten k\u00f6nnen Sie jederzeit folgende Rechte aus\u00fcben:<\/p>\n<ul>\n<li>Auskunft \u00fcber Ihre bei uns gespeicherten Daten und deren Verarbeitung (Art. 15 DSGVO),<\/li>\n<li>Berichtigung unrichtiger personenbezogener Daten (Art. 16 DSGVO),<\/li>\n<li>L\u00f6schung Ihrer bei uns gespeicherten Daten (Art. 17 DSGVO),<\/li>\n<li>Einschr\u00e4nkung der Datenverarbeitung, sofern wir Ihre Daten aufgrund gesetzlicher Pflichten noch nicht l\u00f6schen d\u00fcrfen (Art. 18 DSGVO),<\/li>\n<li>Widerspruch gegen die Verarbeitung Ihrer Daten bei uns (Art. 21 DSGVO) und<\/li>\n<li>Daten\u00fcbertragbarkeit, sofern Sie in die Datenverarbeitung eingewilligt haben oder einen Vertrag mit uns abgeschlossen haben (Art. 20 DSGVO).<\/li>\n<\/ul>\n<p>Sofern Sie uns eine Einwilligung erteilt haben, k\u00f6nnen Sie diese jederzeit mit Wirkung f\u00fcr die Zukunft widerrufen.<\/p>\n<p>Sie k\u00f6nnen sich jederzeit mit einer Beschwerde an eine Aufsichtsbeh\u00f6rde wenden, z. B. an die zust\u00e4ndige Aufsichtsbeh\u00f6rde des Bundeslands Ihres Wohnsitzes oder an die f\u00fcr uns als verantwortliche Stelle zust\u00e4ndige Beh\u00f6rde.<\/p>\n<p>Eine Liste der Aufsichtsbeh\u00f6rden (f\u00fcr den nicht\u00f6ffentlichen Bereich) mit Anschrift finden Sie unter: <a href=\"https:\/\/www.bfdi.bund.de\/DE\/Service\/Anschriften\/Laender\/Laender-node.html\" target=\"_blank\" rel=\"noopener nofollow\">https:\/\/www.bfdi.bund.de\/DE\/Service\/Anschriften\/Laender\/Laender-node.html<\/a>.<\/p>\n<p><\/p><h2>Erfassung allgemeiner Informationen beim Besuch unserer Website<\/h2>\n<h3>Art und Zweck der Verarbeitung:<\/h3>\n<p>Wenn Sie auf unsere Website zugreifen, d.h., wenn Sie sich nicht registrieren oder anderweitig Informationen \u00fcbermitteln, werden automatisch Informationen allgemeiner Natur erfasst. Diese Informationen (Server-Logfiles) beinhalten etwa die Art des Webbrowsers, das verwendete Betriebssystem, den Domainnamen Ihres Internet-Service-Providers, Ihre IP-Adresse und \u00e4hnliches. <\/p>\n<p>Sie werden insbesondere zu folgenden Zwecken verarbeitet:<\/p>\n<ul>\n<li>Sicherstellung eines problemlosen Verbindungsaufbaus der Website,<\/li>\n<li>Sicherstellung einer reibungslosen Nutzung unserer Website,<\/li>\n<li>Auswertung der Systemsicherheit und -stabilit\u00e4t sowie<\/li>\n<li>zur Optimierung unserer Website.<\/li>\n<\/ul>\n<p>Wir verwenden Ihre Daten nicht, um R\u00fcckschl\u00fcsse auf Ihre Person zu ziehen. Informationen dieser Art werden von uns ggfs. anonymisiert statistisch ausgewertet, um unseren Internetauftritt und die dahinterstehende Technik zu optimieren. <\/p>\n<h3>Rechtsgrundlage und berechtigtes Interesse:<\/h3>\n<p>Die Verarbeitung erfolgt gem\u00e4\u00df Art. 6 Abs. 1 lit. f DSGVO auf Basis unseres berechtigten Interesses an der Verbesserung der Stabilit\u00e4t und Funktionalit\u00e4t unserer Website.<\/p>\n<h3>Empf\u00e4nger:<\/h3>\n<p>Empf\u00e4nger der Daten sind ggf. technische Dienstleister, die f\u00fcr den Betrieb und die Wartung unserer Webseite als Auftragsverarbeiter t\u00e4tig werden.<\/p>\n<p><\/p><h3>Drittlandtransfer:<\/h3>\n<p>Die erhobenen Daten werden ggfs. in folgende Drittl\u00e4nder \u00fcbertragen: <\/p>\n<p>Nein<\/p>\n<p>Folgende Datenschutzgarantien liegen vor: <\/p>\n<p><\/p><h3>Speicherdauer:<\/h3>\n<p>Die Daten werden gel\u00f6scht, sobald diese f\u00fcr den Zweck der Erhebung nicht mehr erforderlich sind. Dies ist f\u00fcr die Daten, die der Bereitstellung der Website dienen, grunds\u00e4tzlich der Fall, wenn die jeweilige Sitzung beendet ist. <\/p>\n<p><\/p><h3>Bereitstellung vorgeschrieben oder erforderlich:<\/h3>\n<p>Die Bereitstellung der vorgenannten personenbezogenen Daten ist weder gesetzlich noch vertraglich vorgeschrieben. Ohne die IP-Adresse ist jedoch der Dienst und die Funktionsf\u00e4higkeit unserer Website nicht gew\u00e4hrleistet. Zudem k\u00f6nnen einzelne Dienste und Services nicht verf\u00fcgbar oder eingeschr\u00e4nkt sein. Aus diesem Grund ist ein Widerspruch ausgeschlossen. <\/p>\n<p><\/p><h2>Erbringung kostenpflichtiger Leistungen<\/h2>\n<h3>Art und Zweck der Verarbeitung:<\/h3>\n<p>Zur Erbringung kostenpflichtiger Leistungen werden von uns zus\u00e4tzliche Daten erfragt, wie z.B. Zahlungsangaben, um Ihre Bestellung ausf\u00fchren zu k\u00f6nnen.<\/p>\n<h3>Rechtsgrundlage:<\/h3>\n<p>Die Verarbeitung der Daten, die f\u00fcr den Abschluss des Vertrages erforderlich ist, basiert auf Art. 6 Abs. 1 lit. b DSGVO.<\/p>\n<h3>Empf\u00e4nger:<\/h3>\n<p>Empf\u00e4nger der Daten sind ggf. Auftragsverarbeiter.<\/p>\n<p><\/p><h3>Speicherdauer:<\/h3>\n<p>Wir speichern diese Daten in unseren Systemen bis die gesetzlichen Aufbewahrungsfristen abgelaufen sind. Diese betragen grunds\u00e4tzlich 6 oder 10 Jahre aus Gr\u00fcnden der ordnungsm\u00e4\u00dfigen Buchf\u00fchrung und steuerrechtlichen Anforderungen.<\/p>\n<h3>Bereitstellung vorgeschrieben oder erforderlich:<\/h3>\n<p>Die Bereitstellung Ihrer personenbezogenen Daten erfolgt freiwillig. Ohne die Bereitstellung Ihrer personenbezogenen Daten k\u00f6nnen wir Ihnen keinen Zugang auf unsere angebotenen Inhalte und Leistungen gew\u00e4hren.<\/p>\n<p><\/p><h2>Kommentarfunktion<\/h2>\n<h3>Art und Zweck der Verarbeitung:<\/h3>\n<p>Wenn Nutzer Kommentare auf unserer Website hinterlassen, werden neben diesen Angaben auch der Zeitpunkt ihrer Erstellung und der zuvor durch den Websitebesucher gew\u00e4hlte Nutzername gespeichert. Dies dient unserer Sicherheit, da wir f\u00fcr widerrechtliche Inhalte auf unserer Webseite belangt werden k\u00f6nnen, auch wenn diese durch Benutzer erstellt wurden.<\/p>\n<h3>Rechtsgrundlage:<\/h3>\n<p>Die Verarbeitung der als Kommentar eingegebenen Daten erfolgt auf der Grundlage eines berechtigten Interesses (Art. 6 Abs. 1 lit. f DSGVO).<\/p>\n<p>Durch Bereitstellung der Kommentarfunktion m\u00f6chten wir Ihnen eine unkomplizierte Interaktion erm\u00f6glichen. Ihre gemachten Angaben werden zum Zwecke der Bearbeitung der Anfrage sowie f\u00fcr m\u00f6gliche Anschlussfragen gespeichert.<\/p>\n<h3>Empf\u00e4nger:<\/h3>\n<p>Empf\u00e4nger der Daten sind ggf. Auftragsverarbeiter.<\/p>\n<p><\/p><h3>Drittlandtransfer:<\/h3>\n<p>Die erhobenen Daten werden ggfs. in folgende Drittl\u00e4nder \u00fcbertragen: <\/p>\n<p>Nein<\/p>\n<p>Folgende Datenschutzgarantien liegen vor: <\/p>\n<p><\/p><h3>Speicherdauer:<\/h3>\n<p>Die Daten werden gel\u00f6scht, sobald diese f\u00fcr den Zweck der Erhebung nicht mehr erforderlich sind. Dies ist grunds\u00e4tzlich der Fall, wenn die Kommunikation mit dem Nutzer abgeschlossen ist und das Unternehmen den Umst\u00e4nden entnehmen kann, dass der betroffene Sachverhalt abschlie\u00dfend gekl\u00e4rt ist. Wir behalten uns die L\u00f6schung ohne Angaben von Gr\u00fcnden und ohne vorherige oder nachtr\u00e4gliche Information vor.<\/p>\n<p>Au\u00dferdem k\u00f6nnen Sie Ihren Kommentar jederzeit durch uns l\u00f6schen lassen. Schreiben Sie daf\u00fcr bitte eine E-Mail an den unten aufgef\u00fchrten Datenschutzbeauftragten bzw. die f\u00fcr den Datenschutz zust\u00e4ndige Person und \u00fcbermitteln den Link zu Ihrem Kommentar sowie zu Identifikationszwecken die bei der Erstellung des Kommentars verwendete E-Mail-Adresse.<\/p>\n<h3>Bereitstellung vorgeschrieben oder erforderlich:<\/h3>\n<p>Die Bereitstellung Ihrer personenbezogenen Daten erfolgt freiwillig. Ohne die Bereitstellung Ihrer personenbezogenen Daten k\u00f6nnen wir Ihnen keinen Zugang zu unserer Kommentarfunktion gew\u00e4hren.<\/p>\n<p><\/p><h2>Kontaktformular<\/h2>\n<h3>Art und Zweck der Verarbeitung:<\/h3>\n<p>Die von Ihnen eingegebenen Daten werden zum Zweck der individuellen Kommunikation mit Ihnen gespeichert. Hierf\u00fcr ist die Angabe einer validen E-Mail-Adresse sowie Ihres Namens erforderlich. Diese dient der Zuordnung der Anfrage und der anschlie\u00dfenden Beantwortung derselben. Die Angabe weiterer Daten ist optional.<\/p>\n<h3>Rechtsgrundlage:<\/h3>\n<p>Die Verarbeitung der in das Kontaktformular eingegebenen Daten erfolgt auf der Grundlage eines berechtigten Interesses (Art. 6 Abs. 1 lit. f DSGVO).<\/p>\n<p>Durch Bereitstellung des Kontaktformulars m\u00f6chten wir Ihnen eine unkomplizierte Kontaktaufnahme erm\u00f6glichen. Ihre gemachten Angaben werden zum Zwecke der Bearbeitung der Anfrage sowie f\u00fcr m\u00f6gliche Anschlussfragen gespeichert.<\/p>\n<p>Sofern Sie mit uns Kontakt aufnehmen, um ein Angebot zu erfragen, erfolgt die Verarbeitung der in das Kontaktformular eingegebenen Daten zur Durchf\u00fchrung vorvertraglicher Ma\u00dfnahmen (Art. 6 Abs. 1 lit. b DSGVO).<\/p>\n<h3>Empf\u00e4nger:<\/h3>\n<p>Empf\u00e4nger der Daten sind ggf. Auftragsverarbeiter.<\/p>\n<p><\/p><h3>Speicherdauer:<\/h3>\n<p>Daten werden sp\u00e4testens 6 Monate nach Bearbeitung der Anfrage gel\u00f6scht.<\/p>\n<p>Sofern es zu einem Vertragsverh\u00e4ltnis kommt, unterliegen wir den gesetzlichen Aufbewahrungsfristen nach HGB und l\u00f6schen Ihre Daten nach Ablauf dieser Fristen. <\/p>\n<h3>Bereitstellung vorgeschrieben oder erforderlich:<\/h3>\n<p>Die Bereitstellung Ihrer personenbezogenen Daten erfolgt freiwillig. Wir k\u00f6nnen Ihre Anfrage jedoch nur bearbeiten, sofern Sie uns Ihren Namen, Ihre E-Mail-Adresse und den Grund der Anfrage mitteilen.<\/p>\n<p><\/p><h2>Verwendung von Google Maps<\/h2>\n<p>Auf dieser Website nutzen wir das Angebot von Google Maps. Google Maps wird von Google LLC, 1600 Amphitheatre Parkway, Mountain View, CA 94043, USA (nachfolgend \u201eGoogle\u201c) betrieben. Dadurch k\u00f6nnen wir Ihnen interaktive Karten direkt in der Webseite anzeigen und erm\u00f6glichen Ihnen die komfortable Nutzung der Karten-Funktion.<br>N\u00e4here Informationen \u00fcber die Datenverarbeitung durch Google k\u00f6nnen Sie den Google-Datenschutzhinweisen entnehmen: <a href=\"https:\/\/policies.google.com\/privacy\" rel=\"noopener nofollow\" target=\"_blank\">https:\/\/policies.google.com\/privacy<\/a>. Dort k\u00f6nnen Sie im Datenschutzcenter auch Ihre pers\u00f6nlichen Datenschutz-Einstellungen ver\u00e4ndern.<\/p>\n<p>Ausf\u00fchrliche Anleitungen zur Verwaltung der eigenen Daten im Zusammenhang mit Google-Produkten finden Sie hier: <a href=\"https:\/\/www.dataliberation.org\/\" rel=\"noopener nofollow\" target=\"_blank\">https:\/\/www.dataliberation.org<\/a><\/p>\n<p>Durch den Besuch der Website erh\u00e4lt Google Informationen, dass Sie die entsprechende Unterseite unserer Webseite aufgerufen haben. Dies erfolgt unabh\u00e4ngig davon, ob Google ein Nutzerkonto bereitstellt, \u00fcber das Sie eingeloggt sind, oder ob keine Nutzerkonto besteht. Wenn Sie bei Google eingeloggt sind, werden Ihre Daten direkt Ihrem Konto zugeordnet. <\/p>\n<p>Wenn Sie die Zuordnung in Ihrem Profil bei Google nicht w\u00fcnschen, m\u00fcssen Sie sich vor Aktivierung des Buttons bei Google ausloggen. Google speichert Ihre Daten als Nutzungsprofile und nutzt sie f\u00fcr Zwecke der Werbung, Marktforschung und\/oder bedarfsgerechter Gestaltung seiner Websites. Eine solche Auswertung erfolgt insbesondere (selbst f\u00fcr nicht eingeloggte Nutzer) zur Erbringung bedarfsgerechter Werbung und um andere Nutzer des sozialen Netzwerks \u00fcber Ihre Aktivit\u00e4ten auf unserer Website zu informieren. Ihnen steht ein Widerspruchsrecht zu gegen die Bildung dieser Nutzerprofile, wobei Sie sich zur Aus\u00fcbung dessen an Google richten m\u00fcssen. <\/p>\n<h3>Widerruf der Einwilligung:<\/h3>\n<p>Vom Anbieter wird derzeit keine M\u00f6glichkeit f\u00fcr einen einfachen Opt-out oder ein Blockieren der Daten\u00fcbertragung angeboten. Wenn Sie eine Nachverfolgung Ihrer Aktivit\u00e4ten auf unserer Website verhindern wollen, widerrufen Sie bitte im Cookie-Consent-Tool Ihre Einwilligung f\u00fcr die entsprechende Cookie-Kategorie oder alle technisch nicht notwendigen Cookies und Daten\u00fcbertragungen. In diesem Fall k\u00f6nnen Sie unsere Website jedoch ggfs. nicht oder nur eingeschr\u00e4nkt nutzen.<\/p>\n<p><\/p><h2>SSL-Verschl\u00fcsselung<\/h2>\n<p>Um die Sicherheit Ihrer Daten bei der \u00dcbertragung zu sch\u00fctzen, verwenden wir dem aktuellen Stand der Technik entsprechende Verschl\u00fcsselungsverfahren (z. B. SSL) \u00fcber HTTPS.<\/p>\n<p><\/p><hr>\n<h2>Information \u00fcber Ihr Widerspruchsrecht nach Art. 21 DSGVO<\/h2>\n<h3>Einzelfallbezogenes Widerspruchsrecht<\/h3>\n<p>Sie haben das Recht, aus Gr\u00fcnden, die sich aus Ihrer besonderen Situation ergeben, jederzeit gegen die Verarbeitung Sie betreffender personenbezogener Daten, die aufgrund Art. 6 Abs. 1 lit. f DSGVO (Datenverarbeitung auf der Grundlage einer Interessenabw\u00e4gung) erfolgt, Widerspruch einzulegen; dies gilt auch f\u00fcr ein auf diese Bestimmung gest\u00fctztes Profiling im Sinne von Art. 4 Nr. 4 DSGVO.<\/p>\n<p>Legen Sie Widerspruch ein, werden wir Ihre personenbezogenen Daten nicht mehr verarbeiten, es sei denn, wir k\u00f6nnen zwingende schutzw\u00fcrdige Gr\u00fcnde f\u00fcr die Verarbeitung nachweisen, die Ihre Interessen, Rechte und Freiheiten \u00fcberwiegen, oder die Verarbeitung dient der Geltendmachung, Aus\u00fcbung oder Verteidigung von Rechtsanspr\u00fcchen.<\/p>\n<h3>Empf\u00e4nger eines Widerspruchs<\/h3>\n<p>Thomas St. Pierre\n<br>Remelkoppel 3\n<br>17321 Rothenklempenow\n<br>\n<br>Kontakt\n<br>\n<br>Telefon: 039744519855\n<br>E-Mail: info@ikhaya-lobuntu.de<\/p>\n<hr>\n<h2>\u00c4nderung unserer Datenschutzbestimmungen<\/h2>\n<p>Wir behalten uns vor, diese Datenschutzerkl\u00e4rung anzupassen, damit sie stets den aktuellen rechtlichen Anforderungen entspricht oder um \u00c4nderungen unserer Leistungen in der Datenschutzerkl\u00e4rung umzusetzen, z.B. bei der Einf\u00fchrung neuer Services. F\u00fcr Ihren erneuten Besuch gilt dann die neue Datenschutzerkl\u00e4rung.<\/p>\n<h2>Fragen an den Datenschutzbeauftragten<\/h2>\n<p>Wenn Sie Fragen zum Datenschutz haben, schreiben Sie uns bitte eine E-Mail oder wenden Sie sich direkt an die f\u00fcr den Datenschutz verantwortliche Person in unserer Organisation:<\/p>\n<p><\/p><p><em>Die Datenschutzerkl\u00e4rung wurde mithilfe der activeMind AG erstellt, den Experten f\u00fcr <a href=\"https:\/\/www.activemind.de\/datenschutz\/datenschutzbeauftragter\/\" target=\"_blank\" rel=\"noopener\">externe Datenschutzbeauftragte<\/a> (Version #2020-09-30).<\/em><\/p>\n<\/div><\/div><\/div><\/div><\/div>","protected":false},"excerpt":{"rendered":"<p>Datenschutzerkl\u00e4rungDatenschutzerkl\u00e4rung Verantwortlicher im Sinne der Datenschutzgesetze, insbesondere der EU-Datenschutzgrundverordnung (DSGVO), ist: Thomas St. Pierre Remelkoppel 3 17321 Rothenklempenow Telefon: 039744519855 E-Mail: info@ikhaya-lobuntu.de Ihre Betroffenenrechte Unter den angegebenen Kontaktdaten unseres Datenschutzbeauftragten k\u00f6nnen Sie jederzeit folgende Rechte aus\u00fcben: Auskunft \u00fcber Ihre bei uns gespeicherten Daten und deren Verarbeitung (Art. 15 DSGVO), Berichtigung unrichtiger personenbezogener Daten (Art. 16 [&hellip;]<\/p>\n","protected":false},"author":1,"featured_media":0,"parent":0,"menu_order":0,"comment_status":"closed","ping_status":"closed","template":"home-panels.php","meta":{"footnotes":""},"class_list":["post-1158","page","type-page","status-publish","hentry","post"],"_links":{"self":[{"href":"https:\/\/ikhaya-lobuntu.de\/index.php?rest_route=\/wp\/v2\/pages\/1158","targetHints":{"allow":["GET"]}}],"collection":[{"href":"https:\/\/ikhaya-lobuntu.de\/index.php?rest_route=\/wp\/v2\/pages"}],"about":[{"href":"https:\/\/ikhaya-lobuntu.de\/index.php?rest_route=\/wp\/v2\/types\/page"}],"author":[{"embeddable":true,"href":"https:\/\/ikhaya-lobuntu.de\/index.php?rest_route=\/wp\/v2\/users\/1"}],"replies":[{"embeddable":true,"href":"https:\/\/ikhaya-lobuntu.de\/index.php?rest_route=%2Fwp%2Fv2%2Fcomments&post=1158"}],"version-history":[{"count":6,"href":"https:\/\/ikhaya-lobuntu.de\/index.php?rest_route=\/wp\/v2\/pages\/1158\/revisions"}],"predecessor-version":[{"id":1166,"href":"https:\/\/ikhaya-lobuntu.de\/index.php?rest_route=\/wp\/v2\/pages\/1158\/revisions\/1166"}],"wp:attachment":[{"href":"https:\/\/ikhaya-lobuntu.de\/index.php?rest_route=%2Fwp%2Fv2%2Fmedia&parent=1158"}],"curies":[{"name":"wp","href":"https:\/\/api.w.org\/{rel}","templated":true}]}}