{"id":1122,"date":"2023-01-02T17:35:09","date_gmt":"2023-01-02T17:35:09","guid":{"rendered":"https:\/\/ikhaya-lobuntu.de\/?page_id=1122"},"modified":"2023-01-08T11:28:41","modified_gmt":"2023-01-08T11:28:41","slug":"gaestebuch","status":"publish","type":"page","link":"https:\/\/ikhaya-lobuntu.de\/?page_id=1122","title":{"rendered":"G\u00e4stebuch"},"content":{"rendered":"<div id=\"pl-1122\"  class=\"panel-layout\" ><div id=\"pg-1122-0\"  class=\"panel-grid panel-no-style\" ><div id=\"pgc-1122-0-0\"  class=\"panel-grid-cell\" ><div id=\"panel-1122-0-0-0\" class=\"so-panel widget widget_text panel-first-child\" data-index=\"0\" >\t\t\t<div class=\"textwidget\"><div class=\"gwolle-gb\"><div class=\"gwolle-gb-messages-top-container\"><\/div>\n\t\t\t<div class=\"gwolle-gb-write-button\">\n\t\t\t\t<input type=\"button\" name=\"gwolle-gb-write-button\" class=\"button btn btn-default \" value=\"Neuen Eintrag schreiben\" aria-expanded=\"false\" \/>\n\t\t\t<\/div>\n\t\t\t<form action=\"#\" method=\"POST\" class=\"gwolle-gb-write gwolle-gb-hide gwolle-gb-float gwolle-gb-form-ajax gwolle-gb-ajax gwolle-gb-not-logged-in\">\n\t\t\t\t<h3>Einen neuen Eintrag f\u00fcr das G\u00e4stebuch schreiben<\/h3>\n\t\t\t\t<button type=\"button\" class=\"gb-notice-dismiss\">x<span class=\"screen-reader-text\">Dieses Formular ausblenden<\/span><\/button>\n\t\t\t\n\t\t\t\t<input type=\"hidden\" name=\"gwolle_gb_function\" class=\"gwolle_gb_function\" value=\"add_entry\" \/><input type=\"hidden\" name=\"gwolle_gb_book_id\" class=\"gwolle_gb_book_id\" value=\"1\" \/><div class=\"gwolle_gb_1076c6020d164efd7a5e4d68eacf3f8e\">\n\t\t\t\t<div class=\"label\"><label for=\"gwolle_gb_1076c6020d164efd7a5e4d68eacf3f8e-1\" class=\"text-info\">Name <span class=\"required\">*<\/span><\/label><\/div>\n\t\t\t\t<div class=\"input\"><input class=\"wp-exclude-emoji gwolle_gb_1076c6020d164efd7a5e4d68eacf3f8e\" value=\"\" type=\"text\" id=\"gwolle_gb_1076c6020d164efd7a5e4d68eacf3f8e-1\" name=\"gwolle_gb_1076c6020d164efd7a5e4d68eacf3f8e\" required \/><\/div>\n\t\t\t\t<div class=\"clearBoth\">&nbsp;<\/div>\n\t\t\t<\/div><div class=\"gwolle_gb_dc98598e36f326e9baf2d85999c07908\">\n\t\t\t\t\t<div class=\"label\"><label for=\"gwolle_gb_dc98598e36f326e9baf2d85999c07908-1\" class=\"text-info\">Stadt<\/label><\/div>\n\t\t\t\t\t<div class=\"input\"><input class=\"wp-exclude-emoji gwolle_gb_dc98598e36f326e9baf2d85999c07908\" value=\"\" type=\"text\" id=\"gwolle_gb_dc98598e36f326e9baf2d85999c07908-1\" name=\"gwolle_gb_dc98598e36f326e9baf2d85999c07908\" \/><\/div>\n\t\t\t\t\t<div class=\"clearBoth\">&nbsp;<\/div>\n\t\t\t\t<\/div><div class=\"gwolle_gb_587e99ed3e639332a56615129b1be694\">\n\t\t\t\t<div class=\"label\"><label for=\"gwolle_gb_587e99ed3e639332a56615129b1be694-1\" class=\"text-info\">E-Mail <span class=\"required\">*<\/span><\/label><\/div>\n\t\t\t\t<div class=\"input\"><input class=\"gwolle_gb_587e99ed3e639332a56615129b1be694\" value=\"\" type=\"email\" id=\"gwolle_gb_587e99ed3e639332a56615129b1be694-1\" name=\"gwolle_gb_587e99ed3e639332a56615129b1be694\" required \/><\/div>\n\t\t\t\t<div class=\"clearBoth\">&nbsp;<\/div>\n\t\t\t<\/div><div class=\"gwolle_gb_03b3170bb78413018ab519fabfd109d6\">\n\t\t\t\t<div class=\"label\"><label for=\"gwolle_gb_03b3170bb78413018ab519fabfd109d6-1\" class=\"text-info\">Website<\/label><\/div>\n\t\t\t\t<div class=\"input\"><input class=\"gwolle_gb_03b3170bb78413018ab519fabfd109d6\" value=\"\" type=\"url\" id=\"gwolle_gb_03b3170bb78413018ab519fabfd109d6-1\" name=\"gwolle_gb_03b3170bb78413018ab519fabfd109d6\" \/><\/div>\n\t\t\t\t<div class=\"clearBoth\">&nbsp;<\/div>\n\t\t\t<\/div>\n\t\t\t<div class=\"gwolle_gb_40e6aa07217495a5c0dffe47fa87d9cd\" style=\"display:none;overflow:hidden;\" hidden=\"true\" aria-hidden=\"true\">\n\t\t\t\t<div class=\"label\">\n\t\t\t\t\t<label for=\"gwolle_gb_40e6aa07217495a5c0dffe47fa87d9cd-1\" class=\"text-primary\">Hier nichts eingeben<\/label>\n\t\t\t\t\t<label for=\"gwolle_gb_466c92c36a40d91b1c1d8a2e7c1c7928-1\" class=\"text-primary\">Hier nichts eingeben<\/label>\n\t\t\t\t<\/div>\n\t\t\t\t<div class=\"input\">\n\t\t\t\t\t<input value=\"37\" type=\"text\" id=\"gwolle_gb_40e6aa07217495a5c0dffe47fa87d9cd-1\" name=\"gwolle_gb_40e6aa07217495a5c0dffe47fa87d9cd\" class=\"gwolle_gb_40e6aa07217495a5c0dffe47fa87d9cd\" style=\"transform: translateY(10000px);\" \/>\n\t\t\t\t\t<input value=\"\" type=\"text\" name=\"gwolle_gb_466c92c36a40d91b1c1d8a2e7c1c7928\" id=\"gwolle_gb_466c92c36a40d91b1c1d8a2e7c1c7928-1\" class=\"gwolle_gb_466c92c36a40d91b1c1d8a2e7c1c7928\" style=\"transform: translateY(10000px);\" \/>\n\t\t\t\t<\/div>\n\t\t\t\t<div class=\"clearBoth\"><\/div>\n\t\t\t<\/div>\n\t\t\t<div class=\"gwolle_gb_25652a7b139667c6535e690d7c4705fb\" style=\"display:none;overflow:hidden;\" hidden=\"true\" aria-hidden=\"true\">\n\t\t\t\t<div class=\"label\">\n\t\t\t\t\t<label for=\"gwolle_gb_25652a7b139667c6535e690d7c4705fb-1\" class=\"text-primary\">Hier nichts eingeben<\/label>\n\t\t\t\t\t<label for=\"gwolle_gb_5c4d6746159ab297eae7d48e82c8f6bd-1\" class=\"text-primary\">Hier nichts eingeben<\/label>\n\t\t\t\t<\/div>\n\t\t\t\t<div class=\"input\">\n\t\t\t\t\t<input value=\"39990\" type=\"text\" id=\"gwolle_gb_25652a7b139667c6535e690d7c4705fb-1\" name=\"gwolle_gb_25652a7b139667c6535e690d7c4705fb\" class=\"gwolle_gb_25652a7b139667c6535e690d7c4705fb\" style=\"transform: translateY(10000px);\" \/>\n\t\t\t\t\t<input value=\"39990\" type=\"text\"id=\"gwolle_gb_5c4d6746159ab297eae7d48e82c8f6bd-1\" name=\"gwolle_gb_5c4d6746159ab297eae7d48e82c8f6bd\" class=\"gwolle_gb_5c4d6746159ab297eae7d48e82c8f6bd\" style=\"transform: translateY(10000px);\" \/>\n\t\t\t\t<\/div>\n\t\t\t\t<div class=\"clearBoth\"><\/div>\n\t\t\t<\/div><div class=\"gwolle_gb_content\">\n\t\t\t\t<div class=\"label\"><label for=\"gwolle_gb_content-1\" class=\"text-info\">G\u00e4stebucheintrag <span class=\"required\">*<\/span><\/label><\/div>\n\t\t\t\t<div class=\"input\"><textarea id=\"gwolle_gb_content-1\" name=\"gwolle_gb_content\" class=\"gwolle_gb_content wp-exclude-emoji\" required ><\/textarea><\/div>\n\t\t\t\t\t<div class=\"clearBoth\">&nbsp;<\/div>\n\t\t\t\t<\/div><input type=\"hidden\" class=\"gwolle_gb_5ae3628575302764309e6fad99027d77\" id=\"gwolle_gb_5ae3628575302764309e6fad99027d77-1\" name=\"gwolle_gb_5ae3628575302764309e6fad99027d77\" value=\"2eff866fc0\" \/>\n\t\t\t<div class=\"gwolle-gb-messages-bottom-container\"><\/div>\n\n\t\t\t<noscript><div class=\"no-js\">Warnung: Dieses Formular kann nur verwendet werden, wenn in deinem Browser JavaScript aktiviert ist.<\/div><\/noscript>\n\n\t\t\t<div class=\"gwolle_gb_submit gwolle-gb-submit\">\n\t\t\t\t<div class=\"label gwolle-gb-invisible text-muted\">&nbsp;<\/div>\n\t\t\t\t<div class=\"input\">\n\t\t\t\t\t<input type=\"submit\" name=\"gwolle_gb_submit\" class=\"gwolle_gb_submit button btn btn-primary \" value=\"Absenden\" \/>\n\t\t\t\t\t<span class=\"gwolle_gb_submit_ajax_icon gwolle-gb-submit-ajax-icon\"><\/span>\n\t\t\t\n\t\t\t\t<\/div>\n\t\t\t\t<div class=\"clearBoth\">&nbsp;<\/div>\n\t\t\t<\/div>\n\n\t\t\t<div class=\"gwolle_gb_notice gwolle-gb-notice\">\n\t\t\t\t<br \/>\nMit * gekennzeichnete Felder sind erforderlich.<br \/>\nDeine E-Mail-Adresse wird nicht ver\u00f6ffentlicht.<br \/>\nEs ist m\u00f6glich, dass dein Eintrag im G\u00e4stebuch erst sichtbar ist, nachdem wir ihn \u00fcberpr\u00fcft haben.<br \/>\nWir behalten uns vor, Eintr\u00e4ge zu bearbeiten, zu l\u00f6schen oder nicht zu ver\u00f6ffentlichen.<br \/>\n\n\t\t\t<\/div><\/form><div class=\"gwolle-gb-read gwolle-gb-ajax gwolle-gb-entries-list\" data-book_id=\"1\" data-page_id=\"1\">\n\t\t<div id=\"gwolle-gb-total\" class=\"gwolle-gb-total\">1 Eintrag<\/div><!-- Gwolle-GB Entry: Default Template Loaded -->\n\t\t\t\t<div class=\"gb-entry gb-entry_3 gb-entry-count_1 gwolle-gb-uneven gwolle-gb-first\" id=\"gb-entry_3\" data-entry_id=\"3\">\n\t\t\t\t<article>\n\t\t\t\t\t<div class=\"gb-author-info\">\n\t\t\t\t\t\t<span class=\"gb-author-avatar\"><img referrerpolicy=\"no-referrer\" alt='Roland St.Pierre' src='https:\/\/secure.gravatar.com\/avatar\/2e89a895d82bd721be57c462543c23806f394811640f4404bfa5b5506ab24b1d?s=32&#038;d=mm&#038;r=g' srcset='https:\/\/secure.gravatar.com\/avatar\/2e89a895d82bd721be57c462543c23806f394811640f4404bfa5b5506ab24b1d?s=64&#038;d=mm&#038;r=g 2x' class='avatar avatar-32 photo' height='32' width='32' \/><\/span>\n\t\t\t\t\t\t<span class=\"gb-author-name\">Roland St.Pierre\n\t\t\t\t\t\t<\/span>\n\t\t\t\t\t\t<span class=\"gb-author-origin\">\n\t\t\t\t\t\t\t<span class=\"gb-author-origin-from-text\"> aus<\/span>\n\t\t\t\t\t\t\t<span class=\"gb-author-origin-text\"> 91564 Neuendettelsau<\/span>\n\t\t\t\t\t\t<\/span>\n\t\t\t\t\t\t<span class=\"gb-datetime\">\n\t\t\t\t\t\t\t<span class=\"gb-date\"><span class=\"gb-date-wrote-text\"> schrieb am<\/span><span class=\"gb-date-text\"> 15. Januar 2023<\/span>\n\t\t\t\t\t\t\t<\/span><span class=\"gb-time\">\n\t\t\t\t\t\t\t\t\t<span class=\"gb-time-at-text\"> um<\/span>\n\t\t\t\t\t\t\t\t\t<span class=\"gb-time-text\"> 14:27<\/span>\n\t\t\t\t\t\t\t\t<\/span>\n\t\t\t\t\t\t<\/span> \n\t\t\t\t\t<\/div>\n\t\t\t\t\t<div class=\"gb-entry-content\">Wir freuen uns auf ein Wiedersehen\n\t\t\t\t\t<\/div>\n\t\t\t\t<\/article>\n\t\t\t<\/div>\n\t\t\t<\/div><\/div>\n<\/div>\n\t\t<\/div><div id=\"panel-1122-0-0-1\" class=\"so-panel widget widget_text panel-last-child\" data-index=\"1\" ><h3 class=\"widget-title\">G\u00e4stebuch<\/h3>\t\t\t<div class=\"textwidget\"><p>Hier k\u00f6nnt ihr uns einen kleinen Gruss hinterlassen oder sehen, was andere G\u00e4ste schon \u00fcber uns geschrieben haben.<\/p>\n<p>&nbsp;<\/p>\n<\/div>\n\t\t<\/div><\/div><\/div><\/div>","protected":false},"excerpt":{"rendered":"<p>Hier k\u00f6nnt ihr uns einen kleinen Gruss hinterlassen oder sehen, was andere G\u00e4ste schon \u00fcber uns geschrieben haben. &nbsp;<\/p>\n","protected":false},"author":1,"featured_media":0,"parent":0,"menu_order":0,"comment_status":"closed","ping_status":"closed","template":"home-panels.php","meta":{"footnotes":""},"class_list":["post-1122","page","type-page","status-publish","hentry","post"],"_links":{"self":[{"href":"https:\/\/ikhaya-lobuntu.de\/index.php?rest_route=\/wp\/v2\/pages\/1122","targetHints":{"allow":["GET"]}}],"collection":[{"href":"https:\/\/ikhaya-lobuntu.de\/index.php?rest_route=\/wp\/v2\/pages"}],"about":[{"href":"https:\/\/ikhaya-lobuntu.de\/index.php?rest_route=\/wp\/v2\/types\/page"}],"author":[{"embeddable":true,"href":"https:\/\/ikhaya-lobuntu.de\/index.php?rest_route=\/wp\/v2\/users\/1"}],"replies":[{"embeddable":true,"href":"https:\/\/ikhaya-lobuntu.de\/index.php?rest_route=%2Fwp%2Fv2%2Fcomments&post=1122"}],"version-history":[{"count":6,"href":"https:\/\/ikhaya-lobuntu.de\/index.php?rest_route=\/wp\/v2\/pages\/1122\/revisions"}],"predecessor-version":[{"id":1173,"href":"https:\/\/ikhaya-lobuntu.de\/index.php?rest_route=\/wp\/v2\/pages\/1122\/revisions\/1173"}],"wp:attachment":[{"href":"https:\/\/ikhaya-lobuntu.de\/index.php?rest_route=%2Fwp%2Fv2%2Fmedia&parent=1122"}],"curies":[{"name":"wp","href":"https:\/\/api.w.org\/{rel}","templated":true}]}}