{"id":1003,"date":"2023-01-01T14:56:00","date_gmt":"2023-01-01T14:56:00","guid":{"rendered":"https:\/\/ikhaya-lobuntu.de\/?page_id=1003"},"modified":"2023-01-01T15:02:02","modified_gmt":"2023-01-01T15:02:02","slug":"unser-hof-2","status":"publish","type":"page","link":"https:\/\/ikhaya-lobuntu.de\/?page_id=1003","title":{"rendered":"Unser Hof"},"content":{"rendered":"<div id=\"pl-1003\"  class=\"panel-layout\" ><div id=\"pg-1003-0\"  class=\"panel-grid panel-no-style\" ><div id=\"pgc-1003-0-0\"  class=\"panel-grid-cell\" ><div id=\"panel-1003-0-0-0\" class=\"so-panel widget widget_text panel-first-child\" data-index=\"0\" ><h3 class=\"widget-title\">Unser Hof<\/h3>\t\t\t<div class=\"textwidget\"><p>Der Hoft stammt aus dem 19. Jahrhundert und liegt umgeben von Wiesen, Wald und Feldern mitten im Naturpark Stettiner Haff. Aus dem einst landwirtschaftlich genutzen Geh\u00f6ft wurde in liebevoller Kleinstarbeit ein gem\u00fctlicher Ort der Erholung. Der Hof besteht aus drei Geb\u00e4uden, in deren Mitte sich der mit Natursteinen gepflasterten Innenhof befindet. Eingebettet von Staudenbeeten, Geh\u00f6lzen und einer Obstwiese bietet das 6.000 m2 gro\u00dfe Grundst\u00fcck jede Menge Natur und kleine gem\u00fctliche Ecken, die es zu entdecken gilt.<\/p>\n<p>&nbsp;<\/p>\n<\/div>\n\t\t<\/div><\/div><\/div><\/div>","protected":false},"excerpt":{"rendered":"<p>Der Hoft stammt aus dem 19. Jahrhundert und liegt umgeben von Wiesen, Wald und Feldern mitten im Naturpark Stettiner Haff. Aus dem einst landwirtschaftlich genutzen Geh\u00f6ft wurde in liebevoller Kleinstarbeit ein gem\u00fctlicher Ort der Erholung. Der Hof besteht aus drei Geb\u00e4uden, in deren Mitte sich der mit Natursteinen gepflasterten Innenhof befindet. Eingebettet von Staudenbeeten, Geh\u00f6lzen [&hellip;]<\/p>\n","protected":false},"author":1,"featured_media":0,"parent":0,"menu_order":0,"comment_status":"closed","ping_status":"closed","template":"home-panels.php","meta":{"footnotes":""},"class_list":["post-1003","page","type-page","status-publish","hentry","post"],"_links":{"self":[{"href":"https:\/\/ikhaya-lobuntu.de\/index.php?rest_route=\/wp\/v2\/pages\/1003","targetHints":{"allow":["GET"]}}],"collection":[{"href":"https:\/\/ikhaya-lobuntu.de\/index.php?rest_route=\/wp\/v2\/pages"}],"about":[{"href":"https:\/\/ikhaya-lobuntu.de\/index.php?rest_route=\/wp\/v2\/types\/page"}],"author":[{"embeddable":true,"href":"https:\/\/ikhaya-lobuntu.de\/index.php?rest_route=\/wp\/v2\/users\/1"}],"replies":[{"embeddable":true,"href":"https:\/\/ikhaya-lobuntu.de\/index.php?rest_route=%2Fwp%2Fv2%2Fcomments&post=1003"}],"version-history":[{"count":4,"href":"https:\/\/ikhaya-lobuntu.de\/index.php?rest_route=\/wp\/v2\/pages\/1003\/revisions"}],"predecessor-version":[{"id":1007,"href":"https:\/\/ikhaya-lobuntu.de\/index.php?rest_route=\/wp\/v2\/pages\/1003\/revisions\/1007"}],"wp:attachment":[{"href":"https:\/\/ikhaya-lobuntu.de\/index.php?rest_route=%2Fwp%2Fv2%2Fmedia&parent=1003"}],"curies":[{"name":"wp","href":"https:\/\/api.w.org\/{rel}","templated":true}]}}